{"id":34327,"date":"2021-04-21T17:59:29","date_gmt":"2021-04-21T22:59:29","guid":{"rendered":"https:\/\/brikardesign.com\/impression\/?post_type=product&#038;p=34327"},"modified":"2024-08-30T12:11:31","modified_gmt":"2024-08-30T17:11:31","slug":"enseigne-de-stationnement","status":"publish","type":"product","link":"https:\/\/brikardesign.com\/impression\/produit\/enseigne-de-stationnement\/","title":{"rendered":"Enseigne de stationnement"},"content":{"rendered":"<p><strong>Panneau de stationnement personnalis\u00e9<\/strong><\/p>\n<ul>\n<li>Sublim\u00e9 sur pi\u00e8ce d\u2019aluminium<\/li>\n<li>Dimensions:12\u2033 x 91\/2\u2033 \/31cm x 24cm approx:<\/li>\n<li>Peut \u00eatre personnalis\u00e9 avec votre logo ou le nom votre entreprise<\/li>\n<li><strong>Le montage est toujours gratuit.<\/strong><br \/>\nNous faire parvenir vos textes ou photos \u00e0\u00a0<a href=\"http:\/\/ventebrikardesign.com\/\">vente@brikardesign.com<\/a> et nous ferons le montage et proc\u00e9derons \u00e0 la sublimation seulement apr\u00e8s votre approbation.<\/li>\n<li>Pour des quantit\u00e9s, n\u2019h\u00e9sitez pas \u00e0 communiquer avec nous<\/li>\n<\/ul>\n<p>&nbsp;<\/p>\n<p>Voir aussi ceux de\u00a0 Bousquet Technologie autre dimension fait sur mesure<\/p>\n","protected":false},"excerpt":{"rendered":"<p>CODE: SUB00108-00<\/p>\n","protected":false},"featured_media":36579,"comment_status":"open","ping_status":"closed","template":"","meta":{"_et_pb_use_builder":"","_et_pb_old_content":"","_et_gb_content_width":""},"product_brand":[],"product_cat":[528],"product_tag":[733,734,732],"class_list":{"0":"post-34327","1":"product","2":"type-product","3":"status-publish","4":"has-post-thumbnail","6":"product_cat-enseignes","7":"product_tag-enseigne-de-stationnement-personnalise","8":"product_tag-panneau-de-stationnement-perssonnalise","9":"product_tag-sub00108-00","10":"product_shipping_class-purolator","12":"first","13":"instock","14":"taxable","15":"shipping-taxable","16":"purchasable","17":"product-type-simple"},"_links":{"self":[{"href":"https:\/\/brikardesign.com\/impression\/wp-json\/wp\/v2\/product\/34327","targetHints":{"allow":["GET"]}}],"collection":[{"href":"https:\/\/brikardesign.com\/impression\/wp-json\/wp\/v2\/product"}],"about":[{"href":"https:\/\/brikardesign.com\/impression\/wp-json\/wp\/v2\/types\/product"}],"replies":[{"embeddable":true,"href":"https:\/\/brikardesign.com\/impression\/wp-json\/wp\/v2\/comments?post=34327"}],"wp:featuredmedia":[{"embeddable":true,"href":"https:\/\/brikardesign.com\/impression\/wp-json\/wp\/v2\/media\/36579"}],"wp:attachment":[{"href":"https:\/\/brikardesign.com\/impression\/wp-json\/wp\/v2\/media?parent=34327"}],"wp:term":[{"taxonomy":"product_brand","embeddable":true,"href":"https:\/\/brikardesign.com\/impression\/wp-json\/wp\/v2\/product_brand?post=34327"},{"taxonomy":"product_cat","embeddable":true,"href":"https:\/\/brikardesign.com\/impression\/wp-json\/wp\/v2\/product_cat?post=34327"},{"taxonomy":"product_tag","embeddable":true,"href":"https:\/\/brikardesign.com\/impression\/wp-json\/wp\/v2\/product_tag?post=34327"}],"curies":[{"name":"wp","href":"https:\/\/api.w.org\/{rel}","templated":true}]}}