{"id":34306,"date":"2021-04-21T08:29:17","date_gmt":"2021-04-21T13:29:17","guid":{"rendered":"https:\/\/brikardesign.com\/impression\/?post_type=product&#038;p=34306"},"modified":"2023-06-08T06:32:46","modified_gmt":"2023-06-08T11:32:46","slug":"enseigne-de-camping-personnallisee","status":"publish","type":"product","link":"https:\/\/brikardesign.com\/impression\/produit\/enseigne-de-camping-personnallisee\/","title":{"rendered":"Enseigne de camping personnalis\u00e9e"},"content":{"rendered":"<p><strong>Enseigne personnalis\u00e9e en plastique pour votre terrain de camping<\/strong><\/p>\n<ul>\n<li>Impression couleur<\/li>\n<li>Prix pour format\u00a0 de 10 x 12 po approx.<\/li>\n<li>Panneau en plastique peut \u00eatre imprim\u00e9 sur 1 c\u00f4t\u00e9 ou 2 c\u00f4t\u00e9s<\/li>\n<\/ul>\n","protected":false},"excerpt":{"rendered":"<p>Enseigne personnalis\u00e9e en plastique pour votre terrain de camping Impression couleur Prix pour format\u00a0 de 10 x 12 po approx. Panneau en plastique peut \u00eatre imprim\u00e9 sur 1 c\u00f4t\u00e9 ou 2 c\u00f4t\u00e9s<\/p>\n","protected":false},"featured_media":34317,"comment_status":"open","ping_status":"closed","template":"","meta":{"_et_pb_use_builder":"","_et_pb_old_content":"","_et_gb_content_width":""},"product_brand":[],"product_cat":[528],"product_tag":[726,727],"class_list":{"0":"post-34306","1":"product","2":"type-product","3":"status-publish","4":"has-post-thumbnail","6":"product_cat-enseignes","7":"product_tag-enseigne-personnalisee-en-plastique-pour-votre-terrain-de-camping","8":"product_tag-sub00104-00","9":"product_shipping_class-purolator","11":"first","12":"instock","13":"taxable","14":"shipping-taxable","15":"purchasable","16":"product-type-variable"},"_links":{"self":[{"href":"https:\/\/brikardesign.com\/impression\/wp-json\/wp\/v2\/product\/34306","targetHints":{"allow":["GET"]}}],"collection":[{"href":"https:\/\/brikardesign.com\/impression\/wp-json\/wp\/v2\/product"}],"about":[{"href":"https:\/\/brikardesign.com\/impression\/wp-json\/wp\/v2\/types\/product"}],"replies":[{"embeddable":true,"href":"https:\/\/brikardesign.com\/impression\/wp-json\/wp\/v2\/comments?post=34306"}],"wp:featuredmedia":[{"embeddable":true,"href":"https:\/\/brikardesign.com\/impression\/wp-json\/wp\/v2\/media\/34317"}],"wp:attachment":[{"href":"https:\/\/brikardesign.com\/impression\/wp-json\/wp\/v2\/media?parent=34306"}],"wp:term":[{"taxonomy":"product_brand","embeddable":true,"href":"https:\/\/brikardesign.com\/impression\/wp-json\/wp\/v2\/product_brand?post=34306"},{"taxonomy":"product_cat","embeddable":true,"href":"https:\/\/brikardesign.com\/impression\/wp-json\/wp\/v2\/product_cat?post=34306"},{"taxonomy":"product_tag","embeddable":true,"href":"https:\/\/brikardesign.com\/impression\/wp-json\/wp\/v2\/product_tag?post=34306"}],"curies":[{"name":"wp","href":"https:\/\/api.w.org\/{rel}","templated":true}]}}