{"id":34154,"date":"2021-04-17T06:53:08","date_gmt":"2021-04-17T11:53:08","guid":{"rendered":"https:\/\/brikardesign.com\/impression\/?post_type=product&#038;p=34154"},"modified":"2024-06-24T12:27:06","modified_gmt":"2024-06-24T17:27:06","slug":"toise-echelle-de-croissance-modele-hiboux-gris","status":"publish","type":"product","link":"https:\/\/brikardesign.com\/impression\/produit\/toise-echelle-de-croissance-modele-hiboux-gris\/","title":{"rendered":"Toise-\u00c9chelle de croissance mod\u00e8le hiboux gris"},"content":{"rendered":"<p><strong>Toise &#8211; \u00c9chelle de croissance &#8211; Hiboux teinte de gris<\/strong><\/p>\n<p>Un beau d\u00e9cor dans une chambre d&#8217;enfant.<\/p>\n<p>De couleur \u00e9clatante avec des hiboux.<\/p>\n<p>Une mesure d\u00e8s son plus jeune \u00e2ge, gradu\u00e9e jusqu&#8217;\u00e0 150 cm.<\/p>\n<p>Fournie avec un crayon effa\u00e7able \u00e0 sec pour inscrire la date sur l&#8217;\u00e9chelle<\/p>\n<p>Dans le nuage du haut, vous pouvez le personnaliser<\/p>\n<ul>\n<li>L&#8217;ensemble mesure approximativement 81 cm (32 po) de haut.<\/li>\n<li>3 pi\u00e8ces d&#8217;aluminium reli\u00e9es par des cordes de couleur.<\/li>\n<\/ul>\n<p><span style=\"color: #ff0000;\"><strong>Pour une toise \u00e0 l&#8217;image de votre d\u00e9cor il suffit de nous contacter et nous ferons\u00a0 le concept que vous d\u00e9sirez sans frais suppl\u00e9mentaires.<\/strong><\/span><\/p>\n","protected":false},"excerpt":{"rendered":"<p>Toise &#8211; \u00c9chelle de croissance &#8211; Hiboux teinte de gris Un beau d\u00e9cor dans une chambre d&#8217;enfant. De couleur \u00e9clatante avec des hiboux. Une mesure d\u00e8s son plus jeune \u00e2ge, gradu\u00e9e jusqu&#8217;\u00e0 150 cm. Fournie avec un crayon effa\u00e7able \u00e0 sec pour inscrire la date sur l&#8217;\u00e9chelle Dans le nuage du haut, vous pouvez le [&hellip;]<\/p>\n","protected":false},"featured_media":36809,"comment_status":"open","ping_status":"closed","template":"","meta":{"_et_pb_use_builder":"","_et_pb_old_content":"","_et_gb_content_width":""},"product_brand":[],"product_cat":[112],"product_tag":[1166,644],"class_list":{"0":"post-34154","1":"product","2":"type-product","3":"status-publish","4":"has-post-thumbnail","6":"product_cat-divers","7":"product_tag-sub00062-04","8":"product_tag-toise-echelle-de-croissance-modele-hiboux-gris","9":"product_shipping_class-purolator","11":"first","12":"instock","13":"taxable","14":"shipping-taxable","15":"purchasable","16":"product-type-simple"},"_links":{"self":[{"href":"https:\/\/brikardesign.com\/impression\/wp-json\/wp\/v2\/product\/34154","targetHints":{"allow":["GET"]}}],"collection":[{"href":"https:\/\/brikardesign.com\/impression\/wp-json\/wp\/v2\/product"}],"about":[{"href":"https:\/\/brikardesign.com\/impression\/wp-json\/wp\/v2\/types\/product"}],"replies":[{"embeddable":true,"href":"https:\/\/brikardesign.com\/impression\/wp-json\/wp\/v2\/comments?post=34154"}],"wp:featuredmedia":[{"embeddable":true,"href":"https:\/\/brikardesign.com\/impression\/wp-json\/wp\/v2\/media\/36809"}],"wp:attachment":[{"href":"https:\/\/brikardesign.com\/impression\/wp-json\/wp\/v2\/media?parent=34154"}],"wp:term":[{"taxonomy":"product_brand","embeddable":true,"href":"https:\/\/brikardesign.com\/impression\/wp-json\/wp\/v2\/product_brand?post=34154"},{"taxonomy":"product_cat","embeddable":true,"href":"https:\/\/brikardesign.com\/impression\/wp-json\/wp\/v2\/product_cat?post=34154"},{"taxonomy":"product_tag","embeddable":true,"href":"https:\/\/brikardesign.com\/impression\/wp-json\/wp\/v2\/product_tag?post=34154"}],"curies":[{"name":"wp","href":"https:\/\/api.w.org\/{rel}","templated":true}]}}