{"id":34059,"date":"2021-04-14T19:00:51","date_gmt":"2021-04-15T00:00:51","guid":{"rendered":"https:\/\/brikardesign.com\/impression\/?post_type=product&#038;p=34059"},"modified":"2023-02-21T14:00:21","modified_gmt":"2023-02-21T19:00:21","slug":"pochette-etui-porte-cles-personnalisable","status":"publish","type":"product","link":"https:\/\/brikardesign.com\/impression\/produit\/pochette-etui-porte-cles-personnalisable\/","title":{"rendered":"Pochette, \u00e9tui porte-cl\u00e9s personnalisable"},"content":{"rendered":"<p><strong>Pochette, \u00e9tui porte-cl\u00e9s personnalisable<\/strong><\/p>\n<ul>\n<li>Pochette porte cl\u00e9s, pour carte magn\u00e9tique ou bouteille de d\u00e9sinfectant pour les mains de 60ml disponible dans la plupart des commerces.<br \/>\nS&#8217;accroche facilement \u00e0 votre sac \u00e0 main, sac \u00e0 dos, porte cl\u00e9s.<br \/>\nPour l&#8217;avoir toujours \u00e0 la port\u00e9e de la main rapidement lors de vos d\u00e9placements.<br \/>\nLe montage est toujours gratuit.<\/li>\n<li>Nous faire parvenir vos textes ou photos \u00e0\u00a0<a href=\"https:\/\/brikardesign.com\/sublimation\/produit\/tasse-bicolores-avec-interieur-noir\/vente@brikardesign.com\">vente@brikardesign.com<\/a>\u00a0et nous ferons le montage et proc\u00e9derons \u00e0 la sublimation seulement apr\u00e8s votre approbation<br \/>\nPour des quantit\u00e9s, n\u2019h\u00e9sitez pas \u00e0 communiquer avec nous<\/li>\n<\/ul>\n<p>&nbsp;<\/p>\n","protected":false},"excerpt":{"rendered":"<p><span style=\"color: #ff9900;\"><strong>Livraison gratuite pour ce produit<\/strong><\/span><\/p>\n","protected":false},"featured_media":0,"comment_status":"open","ping_status":"closed","template":"","meta":{"_et_pb_use_builder":"","_et_pb_old_content":"","_et_gb_content_width":""},"product_brand":[],"product_cat":[537],"product_tag":[1859,608,610],"class_list":{"0":"post-34059","1":"product","2":"type-product","3":"status-publish","5":"product_cat-textiles-sacs","6":"product_tag-etui-porte-cles-personnalisable","7":"product_tag-pochette","8":"product_tag-sub00111-00","9":"product_shipping_class-livraison","11":"first","12":"onbackorder","13":"taxable","14":"shipping-taxable","15":"purchasable","16":"product-type-simple"},"_links":{"self":[{"href":"https:\/\/brikardesign.com\/impression\/wp-json\/wp\/v2\/product\/34059","targetHints":{"allow":["GET"]}}],"collection":[{"href":"https:\/\/brikardesign.com\/impression\/wp-json\/wp\/v2\/product"}],"about":[{"href":"https:\/\/brikardesign.com\/impression\/wp-json\/wp\/v2\/types\/product"}],"replies":[{"embeddable":true,"href":"https:\/\/brikardesign.com\/impression\/wp-json\/wp\/v2\/comments?post=34059"}],"wp:attachment":[{"href":"https:\/\/brikardesign.com\/impression\/wp-json\/wp\/v2\/media?parent=34059"}],"wp:term":[{"taxonomy":"product_brand","embeddable":true,"href":"https:\/\/brikardesign.com\/impression\/wp-json\/wp\/v2\/product_brand?post=34059"},{"taxonomy":"product_cat","embeddable":true,"href":"https:\/\/brikardesign.com\/impression\/wp-json\/wp\/v2\/product_cat?post=34059"},{"taxonomy":"product_tag","embeddable":true,"href":"https:\/\/brikardesign.com\/impression\/wp-json\/wp\/v2\/product_tag?post=34059"}],"curies":[{"name":"wp","href":"https:\/\/api.w.org\/{rel}","templated":true}]}}