{"id":33922,"date":"2021-04-13T18:25:02","date_gmt":"2021-04-13T23:25:02","guid":{"rendered":"https:\/\/brikardesign.com\/impression\/?post_type=product&#038;p=33922"},"modified":"2025-03-18T17:05:35","modified_gmt":"2025-03-18T22:05:35","slug":"sac-a-bouteille-de-vin-personnalise-imitation-jute","status":"publish","type":"product","link":"https:\/\/brikardesign.com\/impression\/produit\/sac-a-bouteille-de-vin-personnalise-imitation-jute\/","title":{"rendered":"Sac \u00e0 bouteille de vin personnalis\u00e9 imitation jute"},"content":{"rendered":"<p>CODE 00118-00<br \/>\n<strong>Sac \u00e0 bouteille de vin personnalis\u00e9 imitation jute<\/strong><\/p>\n<p>Ce sac de bouteille de vin est sublimable sur un ou deux c\u00f4t\u00e9s (l\u00e9ger suppl\u00e9ment pour le deuxi\u00e8me c\u00f4t\u00e9)<\/p>\n<p>Peut-\u00eatre personnalis\u00e9 avec votre logo ou le nom de votre entreprise<\/p>\n<p>Ce sac fait un merveilleux cadeau promotionnel, anniversaire, d\u00e9part \u00e0 la retraite, ou pour toute autre occasion<\/p>\n<p>Dimensions approx.: 6.6&#8243; x 13.3&#8243; \/ 16.5cm x34cm<\/p>\n<p><span style=\"color: #ff0000;\"><strong> Le montage est toujours gratuit.<\/strong><\/span><br \/>\nNous faire parvenir vos textes ou photos \u00e0 <a href=\"vente@brikardesign.com\">vente@brikardesign.com<\/a> et nous ferons le montage et proc\u00e9derons \u00e0 la sublimation seulement apr\u00e8s votre approbation<br \/>\nPour des quantit\u00e9s, n&#8217;h\u00e9sitez pas \u00e0 communiquer avec nous<\/p>\n","protected":false},"excerpt":{"rendered":"<p><span style=\"color: #ff9900;\"><strong>Livraison gratuite pour ce produit<\/strong><\/span><\/p>\n","protected":false},"featured_media":36459,"comment_status":"open","ping_status":"closed","template":"","meta":{"_et_pb_use_builder":"","_et_pb_old_content":"","_et_gb_content_width":""},"product_brand":[],"product_cat":[537],"product_tag":[582,545,583],"class_list":{"0":"post-33922","1":"product","2":"type-product","3":"status-publish","4":"has-post-thumbnail","6":"product_cat-textiles-sacs","7":"product_tag-sac-a-vin-personnalise-imitation-jute","8":"product_tag-sac-bouteille-de-vin","9":"product_tag-sub00118-00","10":"product_shipping_class-livraison","12":"first","13":"instock","14":"taxable","15":"shipping-taxable","16":"purchasable","17":"product-type-simple"},"_links":{"self":[{"href":"https:\/\/brikardesign.com\/impression\/wp-json\/wp\/v2\/product\/33922","targetHints":{"allow":["GET"]}}],"collection":[{"href":"https:\/\/brikardesign.com\/impression\/wp-json\/wp\/v2\/product"}],"about":[{"href":"https:\/\/brikardesign.com\/impression\/wp-json\/wp\/v2\/types\/product"}],"replies":[{"embeddable":true,"href":"https:\/\/brikardesign.com\/impression\/wp-json\/wp\/v2\/comments?post=33922"}],"wp:featuredmedia":[{"embeddable":true,"href":"https:\/\/brikardesign.com\/impression\/wp-json\/wp\/v2\/media\/36459"}],"wp:attachment":[{"href":"https:\/\/brikardesign.com\/impression\/wp-json\/wp\/v2\/media?parent=33922"}],"wp:term":[{"taxonomy":"product_brand","embeddable":true,"href":"https:\/\/brikardesign.com\/impression\/wp-json\/wp\/v2\/product_brand?post=33922"},{"taxonomy":"product_cat","embeddable":true,"href":"https:\/\/brikardesign.com\/impression\/wp-json\/wp\/v2\/product_cat?post=33922"},{"taxonomy":"product_tag","embeddable":true,"href":"https:\/\/brikardesign.com\/impression\/wp-json\/wp\/v2\/product_tag?post=33922"}],"curies":[{"name":"wp","href":"https:\/\/api.w.org\/{rel}","templated":true}]}}