{"id":32317,"date":"2021-03-24T19:22:21","date_gmt":"2021-03-25T00:22:21","guid":{"rendered":"https:\/\/brikardesign.com\/impression\/?post_type=product&#038;p=32317"},"modified":"2025-03-18T16:58:43","modified_gmt":"2025-03-18T21:58:43","slug":"poignee-pour-le-four-personnalise-en-lin","status":"publish","type":"product","link":"https:\/\/brikardesign.com\/impression\/produit\/poignee-pour-le-four-personnalise-en-lin\/","title":{"rendered":"Poign\u00e9e pour le four personnalis\u00e9 en lin"},"content":{"rendered":"<p>CODE 00117-00<br \/>\n<strong>Poign\u00e9e pour le four personnalis\u00e9 en lin<\/strong><\/p>\n<p><span class=\"\">Poign\u00e9e pour le four en toile de lin. <\/span><span class=\"\">Texture naturelle, \u00e9l\u00e9gante durable.<\/span><\/p>\n<p>R\u00e9sistant \u00e0 la chaleur<\/p>\n<p>Sublimable 1 c\u00f4t\u00e9 image dans le centre<\/p>\n<p>Cette poign\u00e9e pour le four\u00a0 est un excellent cadeau \u00e0 personnaliser pour s\u00e9duire les amateurs de BBQ<\/p>\n<p>Dimensions: 8&#8243; x 8 &#8221; \/ 20 cm x 20 cm<\/p>\n<p><span style=\"color: #ff0000;\"><strong>Le montage est toujours gratuit.<\/strong><\/span><br \/>\nNous faire parvenir vos textes o\u00f9 photos \u00e0 <a href=\"vente@brikadesign.com\">vente@brikardesign.com<\/a> et nous ferons le montage et proc\u00e9derons \u00e0 la sublimation seulement apr\u00e8s votre approbation<\/p>\n<p>Pour des quantit\u00e9s, n&#8217;h\u00e9sitez pas \u00e0 communiquer avec nous<\/p>\n","protected":false},"excerpt":{"rendered":"<p>CODE 00117-00 Poign\u00e9e pour le four personnalis\u00e9 en lin Poign\u00e9e pour le four en toile de lin. Texture naturelle, \u00e9l\u00e9gante durable. R\u00e9sistant \u00e0 la chaleur Sublimable 1 c\u00f4t\u00e9 image dans le centre Cette poign\u00e9e pour le four\u00a0 est un excellent cadeau \u00e0 personnaliser pour s\u00e9duire les amateurs de BBQ Dimensions: 8&#8243; x 8 &#8221; \/ [&hellip;]<\/p>\n","protected":false},"featured_media":36457,"comment_status":"open","ping_status":"closed","template":"","meta":{"_et_pb_use_builder":"","_et_pb_old_content":"","_et_gb_content_width":""},"product_brand":[],"product_cat":[27],"product_tag":[258,259],"class_list":{"0":"post-32317","1":"product","2":"type-product","3":"status-publish","4":"has-post-thumbnail","6":"product_cat-cuisine","7":"product_tag-poignee-pour-le-four","8":"product_tag-sub00117-00","9":"product_shipping_class-purolator","11":"first","12":"instock","13":"taxable","14":"shipping-taxable","15":"purchasable","16":"product-type-simple"},"_links":{"self":[{"href":"https:\/\/brikardesign.com\/impression\/wp-json\/wp\/v2\/product\/32317","targetHints":{"allow":["GET"]}}],"collection":[{"href":"https:\/\/brikardesign.com\/impression\/wp-json\/wp\/v2\/product"}],"about":[{"href":"https:\/\/brikardesign.com\/impression\/wp-json\/wp\/v2\/types\/product"}],"replies":[{"embeddable":true,"href":"https:\/\/brikardesign.com\/impression\/wp-json\/wp\/v2\/comments?post=32317"}],"wp:featuredmedia":[{"embeddable":true,"href":"https:\/\/brikardesign.com\/impression\/wp-json\/wp\/v2\/media\/36457"}],"wp:attachment":[{"href":"https:\/\/brikardesign.com\/impression\/wp-json\/wp\/v2\/media?parent=32317"}],"wp:term":[{"taxonomy":"product_brand","embeddable":true,"href":"https:\/\/brikardesign.com\/impression\/wp-json\/wp\/v2\/product_brand?post=32317"},{"taxonomy":"product_cat","embeddable":true,"href":"https:\/\/brikardesign.com\/impression\/wp-json\/wp\/v2\/product_cat?post=32317"},{"taxonomy":"product_tag","embeddable":true,"href":"https:\/\/brikardesign.com\/impression\/wp-json\/wp\/v2\/product_tag?post=32317"}],"curies":[{"name":"wp","href":"https:\/\/api.w.org\/{rel}","templated":true}]}}