{"id":31456,"date":"2021-03-20T12:06:32","date_gmt":"2021-03-20T17:06:32","guid":{"rendered":"https:\/\/brikardesign.com\/impression\/?post_type=product&#038;p=31456"},"modified":"2025-08-20T21:25:31","modified_gmt":"2025-08-21T02:25:31","slug":"coussins-jaime-le-camping","status":"publish","type":"product","link":"https:\/\/brikardesign.com\/impression\/produit\/coussins-jaime-le-camping\/","title":{"rendered":"Coussins j&#8217;aime le camping"},"content":{"rendered":"<p>CODE: 00087-04<\/p>\n<p><strong>Coussin \u00ab j&#8217;aime le camping\u00bb<\/strong><\/p>\n<ul>\n<li>Impression 2 c\u00f4t\u00e9s (peut \u00eatre image diff\u00e9rente) peut \u00eatre personnalis\u00e9<\/li>\n<li>Dimensions approx. 40 x40 cm ( 16 x16 po)<\/li>\n<li>Impression maximum de 8 x 14po<\/li>\n<li>Lavable 100 % polyester<\/li>\n<li>Fermeture \u00e0 glissi\u00e8re<\/li>\n<li><strong>POSSIBILIT\u00c9 DU COUSSIN AVEC BOURRURE\u00a0 polyester\u00a0<\/strong><\/li>\n<li><strong><span style=\"color: #ff0000;\">Livraison gratuite sur ce produit (HOUSSE SEULEMENT)<\/span><\/strong><\/li>\n<\/ul>\n","protected":false},"excerpt":{"rendered":"<p><strong><span style=\"color: #ff0000;\">*** Livraison gratuite pour ce produit<\/span><\/strong><\/p>\n","protected":false},"featured_media":36611,"comment_status":"open","ping_status":"closed","template":"","meta":{"_et_pb_use_builder":"","_et_pb_old_content":"","_et_gb_content_width":""},"product_brand":[],"product_cat":[135],"product_tag":[146,147],"class_list":{"0":"post-31456","1":"product","2":"type-product","3":"status-publish","4":"has-post-thumbnail","6":"product_cat-coussins-oreiller","7":"product_tag-coussin-jaime-le-camping","8":"product_tag-sub00087-04","9":"product_shipping_class-livraison","11":"first","12":"instock","13":"taxable","14":"shipping-taxable","15":"purchasable","16":"product-type-variable","17":"has-default-attributes"},"_links":{"self":[{"href":"https:\/\/brikardesign.com\/impression\/wp-json\/wp\/v2\/product\/31456","targetHints":{"allow":["GET"]}}],"collection":[{"href":"https:\/\/brikardesign.com\/impression\/wp-json\/wp\/v2\/product"}],"about":[{"href":"https:\/\/brikardesign.com\/impression\/wp-json\/wp\/v2\/types\/product"}],"replies":[{"embeddable":true,"href":"https:\/\/brikardesign.com\/impression\/wp-json\/wp\/v2\/comments?post=31456"}],"wp:featuredmedia":[{"embeddable":true,"href":"https:\/\/brikardesign.com\/impression\/wp-json\/wp\/v2\/media\/36611"}],"wp:attachment":[{"href":"https:\/\/brikardesign.com\/impression\/wp-json\/wp\/v2\/media?parent=31456"}],"wp:term":[{"taxonomy":"product_brand","embeddable":true,"href":"https:\/\/brikardesign.com\/impression\/wp-json\/wp\/v2\/product_brand?post=31456"},{"taxonomy":"product_cat","embeddable":true,"href":"https:\/\/brikardesign.com\/impression\/wp-json\/wp\/v2\/product_cat?post=31456"},{"taxonomy":"product_tag","embeddable":true,"href":"https:\/\/brikardesign.com\/impression\/wp-json\/wp\/v2\/product_tag?post=31456"}],"curies":[{"name":"wp","href":"https:\/\/api.w.org\/{rel}","templated":true}]}}