{"id":31344,"date":"2021-03-17T19:45:10","date_gmt":"2021-03-18T00:45:10","guid":{"rendered":"https:\/\/brikardesign.com\/impression\/?post_type=product&#038;p=31344"},"modified":"2026-04-02T16:46:19","modified_gmt":"2026-04-02T21:46:19","slug":"desodorisant-auto-personnalise","status":"publish","type":"product","link":"https:\/\/brikardesign.com\/impression\/produit\/desodorisant-auto-personnalise\/","title":{"rendered":"D\u00e9sodorisant auto personnalis\u00e9e"},"content":{"rendered":"<p><strong>D\u00e9sodorisant pour auto personnalis\u00e9e\u00a0<\/strong><\/p>\n<ul>\n<li>Fabriquer en feutre<\/li>\n<li>Impression des deux c\u00f4t\u00e9s<\/li>\n<\/ul>\n<p>Les d\u00e9sodorisants pour auto sont bien pens\u00e9s pour toutes occasions. Imprimez le logo de votre entreprise ou votre touche personnalis\u00e9, ( votre enfant, roulotte, animal etc\u2026.)<\/p>\n<p>Livr\u00e9 sans parfum si vous d\u00e9sirez ajouter votre fragrance pr\u00e9f\u00e9r\u00e9e.<\/p>\n<p>Dimensions approx.: 10 x 7 cm (4 x 2\u00be po)<\/p>\n<p>Vendu \u00e0 l&#8217;unit\u00e9\u00a0 ou par feuille de 8 .<\/p>\n<p>Pour des quantit\u00e9s nous contacter par courriel pour avoir\u00a0 un prix de quantit\u00e9s.<\/p>\n","protected":false},"excerpt":{"rendered":"<p>D\u00e9sodorisant pour auto personnalis\u00e9e\u00a0 Fabriquer en feutre Impression des deux c\u00f4t\u00e9s Les d\u00e9sodorisants pour auto sont bien pens\u00e9s pour toutes occasions. Imprimez le logo de votre entreprise ou votre touche personnalis\u00e9, ( votre enfant, roulotte, animal etc\u2026.) Livr\u00e9 sans parfum si vous d\u00e9sirez ajouter votre fragrance pr\u00e9f\u00e9r\u00e9e. Dimensions approx.: 10 x 7 cm (4 x [&hellip;]<\/p>\n","protected":false},"featured_media":45629,"comment_status":"open","ping_status":"closed","template":"","meta":{"_et_pb_use_builder":"","_et_pb_old_content":"","_et_gb_content_width":""},"product_brand":[],"product_cat":[3210,113],"product_tag":[110,111],"class_list":{"0":"post-31344","1":"product","2":"type-product","3":"status-publish","4":"has-post-thumbnail","6":"product_cat-desodorisant","7":"product_cat-voiture","8":"product_tag-desodorisant-pour-auto-perssonnalisee","9":"product_tag-sub00122-00","10":"product_shipping_class-forfait","12":"first","13":"outofstock","14":"featured","15":"taxable","16":"shipping-taxable","17":"purchasable","18":"product-type-variable","19":"has-default-attributes"},"_links":{"self":[{"href":"https:\/\/brikardesign.com\/impression\/wp-json\/wp\/v2\/product\/31344","targetHints":{"allow":["GET"]}}],"collection":[{"href":"https:\/\/brikardesign.com\/impression\/wp-json\/wp\/v2\/product"}],"about":[{"href":"https:\/\/brikardesign.com\/impression\/wp-json\/wp\/v2\/types\/product"}],"replies":[{"embeddable":true,"href":"https:\/\/brikardesign.com\/impression\/wp-json\/wp\/v2\/comments?post=31344"}],"wp:featuredmedia":[{"embeddable":true,"href":"https:\/\/brikardesign.com\/impression\/wp-json\/wp\/v2\/media\/45629"}],"wp:attachment":[{"href":"https:\/\/brikardesign.com\/impression\/wp-json\/wp\/v2\/media?parent=31344"}],"wp:term":[{"taxonomy":"product_brand","embeddable":true,"href":"https:\/\/brikardesign.com\/impression\/wp-json\/wp\/v2\/product_brand?post=31344"},{"taxonomy":"product_cat","embeddable":true,"href":"https:\/\/brikardesign.com\/impression\/wp-json\/wp\/v2\/product_cat?post=31344"},{"taxonomy":"product_tag","embeddable":true,"href":"https:\/\/brikardesign.com\/impression\/wp-json\/wp\/v2\/product_tag?post=31344"}],"curies":[{"name":"wp","href":"https:\/\/api.w.org\/{rel}","templated":true}]}}