{"id":30892,"date":"2021-03-05T08:16:43","date_gmt":"2021-03-05T13:16:43","guid":{"rendered":"http:\/\/dummy.xtemos.com\/woodmart-elementor\/demos\/?page_id=996"},"modified":"2023-02-26T17:30:31","modified_gmt":"2023-02-26T22:30:31","slug":"a-propos","status":"publish","type":"page","link":"https:\/\/brikardesign.com\/impression\/a-propos\/","title":{"rendered":"\u00c0 propos"},"content":{"rendered":"<p>[et_pb_section fb_built=&#8221;1&#8243; admin_label=&#8221;section&#8221; _builder_version=&#8221;4.16&#8243; global_colors_info=&#8221;{}&#8221;][et_pb_row _builder_version=&#8221;4.20.0&#8243; _module_preset=&#8221;default&#8221; global_colors_info=&#8221;{}&#8221;][et_pb_column type=&#8221;4_4&#8243; _builder_version=&#8221;4.20.0&#8243; _module_preset=&#8221;default&#8221; global_colors_info=&#8221;{}&#8221;][et_pb_text _builder_version=&#8221;4.20.0&#8243; _module_preset=&#8221;default&#8221; global_colors_info=&#8221;{}&#8221;]<\/p>\n<h1 style=\"text-align: center;\">Profitez de la meilleur offre de conception et impression combin\u00e9e<\/h1>\n<p>[\/et_pb_text][\/et_pb_column][\/et_pb_row][et_pb_row _builder_version=&#8221;4.20.0&#8243; _module_preset=&#8221;default&#8221; column_structure=&#8221;2_3,1_3&#8243; custom_padding=&#8221;|||56px||&#8221;][et_pb_column _builder_version=&#8221;4.20.0&#8243; _module_preset=&#8221;default&#8221; type=&#8221;2_3&#8243;][et_pb_text _builder_version=&#8221;4.20.0&#8243; _module_preset=&#8221;default&#8221; hover_enabled=&#8221;0&#8243; sticky_enabled=&#8221;0&#8243;]<\/p>\n<p>&nbsp;<\/p>\n<p>L&#8217;id\u00e9e de l&#8217;impression tout en couleur est venue pour combler la demande de notre client\u00e8le et notre besoin de cr\u00e9ation.<\/p>\n<p>La technique d&#8217;impression par sublimation en quadrichromie sur article textile, tasse, tuile, verre etc. utilise une presse \u00e0 sublimation pour le transfert \u00e0 chaud.\u00a0<\/p>\n<p>La technique de sublimation est un proc\u00e9d\u00e9 le plus efficace pour l&#8217;application de photos ou d&#8217;images de haute qualit\u00e9 sur une large vari\u00e9t\u00e9 d&#8217;objets. C&#8217;est une technique d&#8217;impression, qui requiert des encres sp\u00e9cifiques sensibles \u00e0 la chaleur. Ces encres se transforment en gaz sous l&#8217;effet de la chaleur et sont combin\u00e9es \u00e0 un support 100% polyester. Comme l&#8217;encre devient une partie de la structure de la mati\u00e8re, les images imprim\u00e9es sur le tissu ne s&#8217;estompent et ne craquent pas, m\u00eame apr\u00e8s de multiples lavages.<\/p>\n<p>Nous avons ajouter l&#8217;ann\u00e9e pass\u00e9\u00a0 le vinyle pour transfert \u00e0 chaud sur le textile pour satisfaire\u00a0 la demande de nos clients.<\/p>\n<p>&nbsp;<\/p>\n<p>[\/et_pb_text][\/et_pb_column][et_pb_column _builder_version=&#8221;4.20.0&#8243; _module_preset=&#8221;default&#8221; type=&#8221;1_3&#8243;][et_pb_image src=&#8221;https:\/\/brikardesign.com\/impression\/wp-content\/uploads\/2021\/03\/cadeaux.png&#8221; _builder_version=&#8221;4.20.0&#8243; _module_preset=&#8221;default&#8221; title_text=&#8221;cadeaux&#8221; hover_enabled=&#8221;0&#8243; sticky_enabled=&#8221;0&#8243;][\/et_pb_image][\/et_pb_column][\/et_pb_row][et_pb_row _builder_version=&#8221;4.20.0&#8243; _module_preset=&#8221;default&#8221; column_structure=&#8221;2_3,1_3&#8243; custom_padding=&#8221;|||56px||&#8221;][et_pb_column _builder_version=&#8221;4.20.0&#8243; _module_preset=&#8221;default&#8221; type=&#8221;2_3&#8243;][et_pb_text _builder_version=&#8221;4.20.0&#8243; _module_preset=&#8221;default&#8221; hover_enabled=&#8221;0&#8243; sticky_enabled=&#8221;0&#8243; custom_padding=&#8221;0px|||||&#8221; custom_margin=&#8221;-39px||-34px|||&#8221;]<\/p>\n<p>&nbsp;<\/p>\n<p>Il ne reste plus que l&#8217;imagination pour vos produits. Que ce soit un cadeau de mariage, de naissance, corporatif etc&#8230; nous sommes ouverts \u00e0 vos id\u00e9es. Nous pouvons cr\u00e9er<strong> sans frais<\/strong> votre image ou vous pouvez nous faire parvenir votre image (qualit\u00e9 jpg, png, etc&#8230;)<\/p>\n<p>Nous pouvons faire de l&#8217;impression sur diff\u00e9rentes surfaces, telles que:<\/p>\n<ul>\n<li>Verre<\/li>\n<li>M\u00e9tal &#8211; aluminium<\/li>\n<li>Plastique<\/li>\n<li>Tissus<\/li>\n<li>N\u00e9opr\u00e8ne<\/li>\n<li>Acrylique<\/li>\n<li>C\u00e9ramique<\/li>\n<li>etc&#8230;<\/li>\n<\/ul>\n<p>Nous offrons aussi les porte-cl\u00e9s pour Motel\/H\u00f4tel vendus en petite quantit\u00e9 \u00e0 votre image .<\/p>\n<p>&nbsp;<\/p>\n<p>&nbsp;<\/p>\n<p>[\/et_pb_text][et_pb_text _builder_version=&#8221;4.20.0&#8243; _module_preset=&#8221;default&#8221; hover_enabled=&#8221;0&#8243; sticky_enabled=&#8221;0&#8243;]<\/p>\n<h2><strong><em>Margaret Boisaubert<\/em><\/strong><\/h2>\n<p>[\/et_pb_text][\/et_pb_column][et_pb_column _builder_version=&#8221;4.20.0&#8243; _module_preset=&#8221;default&#8221; type=&#8221;1_3&#8243;][et_pb_image src=&#8221;https:\/\/brikardesign.com\/impression\/wp-content\/uploads\/2021\/03\/puzzle.png&#8221; _builder_version=&#8221;4.20.0&#8243; _module_preset=&#8221;default&#8221; title_text=&#8221;puzzle&#8221; hover_enabled=&#8221;0&#8243; sticky_enabled=&#8221;0&#8243;][\/et_pb_image][\/et_pb_column][\/et_pb_row][\/et_pb_section]<\/p>\n","protected":false},"excerpt":{"rendered":"<p>Profitez de la meilleur offre de conception et impression combin\u00e9e&nbsp; L&#8217;id\u00e9e de l&#8217;impression tout en couleur est venue pour combler la demande de notre client\u00e8le et notre besoin de cr\u00e9ation. La technique d&#8217;impression par sublimation en quadrichromie sur article textile, tasse, tuile, verre etc. utilise une presse \u00e0 sublimation pour le transfert \u00e0 chaud.\u00a0 La technique de sublimation est un proc\u00e9d\u00e9 le plus efficace pour l&#8217;application de photos ou d&#8217;images de haute qualit\u00e9 sur une large vari\u00e9t\u00e9 d&#8217;objets. C&#8217;est une technique d&#8217;impression, qui requiert des encres sp\u00e9cifiques sensibles \u00e0 la chaleur. Ces encres se transforment en gaz sous l&#8217;effet de la chaleur et sont combin\u00e9es \u00e0 un support 100% polyester. Comme l&#8217;encre devient une partie de la structure de la mati\u00e8re, les images imprim\u00e9es sur le tissu ne s&#8217;estompent et ne craquent pas, m\u00eame apr\u00e8s de multiples lavages. Nous avons ajouter l&#8217;ann\u00e9e pass\u00e9\u00a0 le vinyle pour transfert \u00e0 chaud sur le textile pour satisfaire\u00a0 la demande de nos clients. &nbsp;&nbsp; Il ne reste plus que l&#8217;imagination pour vos produits. Que ce soit un cadeau de mariage, de naissance, corporatif etc&#8230; nous sommes ouverts \u00e0 vos id\u00e9es. Nous pouvons cr\u00e9er sans frais votre image ou vous pouvez nous faire parvenir votre [&hellip;]<\/p>\n","protected":false},"author":1,"featured_media":0,"parent":0,"menu_order":0,"comment_status":"closed","ping_status":"closed","template":"","meta":{"_et_pb_use_builder":"on","_et_pb_old_content":"<link rel=\"stylesheet\" id=\"wd-photoswipe-css\" href=\"https:\/\/brikardesign.com\/impression\/wp-content\/themes\/woodmart\/css\/parts\/lib-photoswipe.min.css?ver=6.0.4\" type=\"text\/css\" media=\"all\" \/> \t\t\t\t\t\t<link rel=\"stylesheet\" id=\"wd-image-gallery-css\" href=\"https:\/\/brikardesign.com\/impression\/wp-content\/themes\/woodmart\/css\/parts\/el-gallery.min.css?ver=6.0.4\" type=\"text\/css\" media=\"all\" \/> \t\t\t\t\t\n\t\t\t\t\t\t\t\t\t\t\t\t\t<a  href=\"https:\/\/brikardesign.com\/impression\/wp-content\/uploads\/2021\/03\/cadeaux.png\"data-width=\"400\" data-height=\"400\" data-index=\"1\" data-elementor-open-lightbox=\"no\">\n\t\t\t\t\t\t\t<img src=\"https:\/\/brikardesign.com\/impression\/wp-content\/uploads\/2021\/03\/cadeaux.png\">\t\t\t\t\t\t\t\n\t\t\t\t\t\t\t\t\t\t\t\t\t<\/a>\n\t\t\t\t\t\t\t\t\t\t\t\t\t<a  href=\"https:\/\/brikardesign.com\/impression\/wp-content\/uploads\/2021\/03\/impossible.png\"data-width=\"400\" data-height=\"400\" data-index=\"2\" data-elementor-open-lightbox=\"no\">\n\t\t\t\t\t\t\t<img src=\"https:\/\/brikardesign.com\/impression\/wp-content\/uploads\/2021\/03\/impossible.png\">\t\t\t\t\t\t\t\n\t\t\t\t\t\t\t\t\t\t\t\t\t<\/a>\n\t\t\t\t\t\t\t\t\t\t\t\t\t<a  href=\"https:\/\/brikardesign.com\/impression\/wp-content\/uploads\/2021\/03\/puzzle.png\"data-width=\"400\" data-height=\"400\" data-index=\"3\" data-elementor-open-lightbox=\"no\">\n\t\t\t\t\t\t\t<img src=\"https:\/\/brikardesign.com\/impression\/wp-content\/uploads\/2021\/03\/puzzle.png\">\t\t\t\t\t\t\t\n\t\t\t\t\t\t\t\t\t\t\t\t\t<\/a>\n\t\t\t\t\t\t\t\t\t\t\t\t\t<a  href=\"https:\/\/brikardesign.com\/impression\/wp-content\/uploads\/2021\/03\/cible-rouge2.png\"data-width=\"400\" data-height=\"400\" data-index=\"4\" data-elementor-open-lightbox=\"no\">\n\t\t\t\t\t\t\t<img src=\"https:\/\/brikardesign.com\/impression\/wp-content\/uploads\/2021\/03\/cible-rouge2.png\">\t\t\t\t\t\t\t\n\t\t\t\t\t\t\t\t\t\t\t\t\t<\/a>\n\t\t\t\t\t\t<link rel=\"stylesheet\" id=\"wd-section-title-css\" href=\"https:\/\/brikardesign.com\/impression\/wp-content\/themes\/woodmart\/css\/parts\/el-section-title.min.css?ver=6.0.4\" type=\"text\/css\" media=\"all\" \/> \t\t\t\t\t\n\t\t\t\t<h4>\n\t\t\t\t\tProfitez de nos meilleurs<br \/>\n <i>id\u00e9es de conceptions <\/i> \u00e0 prix comp\u00e9titifs\t\t\t\t<\/h4>\n\t\t<h4 style=\"font-size: 16px; margin-bottom: 10px;\">Impression sur diff\u00e9rents produits:<\/h4><ul><li>Verre<\/li><li>Aluminium<\/li><li>Plastique<\/li><li>Tissus (polyester)<\/li><li>N\u00e9opr\u00e8ne<\/li><li>Acrylique<\/li><li>C\u00e9ramique<\/li><li>ect...<\/li><\/ul>\u00a0<h4 style=\"font-size: 16px; margin-bottom: 10px;\">Aucune quantit\u00e9 minimum<\/h4><p>Que vous soyez un particulier ou une entreprise, nous vous accordons la m\u00eame importance.<\/p>\u00a0<h4 style=\"font-size: 16px; margin-bottom: 10px;\">Porte-cl\u00e9s Motel\/H\u00f4tel<\/h4><p>Nous offrons des porte-cl\u00e9s personnalis\u00e9s pour Motel\/H\u00f4tel en petite quantit\u00e9. Conception \u00e0 votre image.<\/p>\u00a0<h4 style=\"font-size: 16px; margin-bottom: 10px;\">Il ne reste plus que l'imagination pour vos produits<\/h4><p>Que ce soit un cadeau de mariage, de naissance, corporatif etc... nous sommes ouverts \u00e0 vos id\u00e9es.<\/p><p>Nous pouvons cr\u00e9er votre image ou vous pouvez nous faire parvenir votre image\u00a0 (qualit\u00e9: jpg, png, pdf)<\/p>\u00a0\u00a0\t\t\n\t\t\t<a  href=\"https:\/\/brikardesign.com\/impression\/\">\n\t\t\t\t\tVoir des produits\t\t\t\t\n\t\t\t\t\t\t\t<\/a>\n\t\t\t<a  href=\"https:\/\/brikardesign.com\/impressoin\/contact\/\">\n\t\t\t\t\tNous contacter\t\t\t\t\n\t\t\t\t\t\t\t<\/a>\n\t\t\t\t<h4>\n\t\t\t\t\t\t\t\t\t<\/h4>\n\t\t\t\t\tL'impression tout en couleur pour vous d\u00e9marquer\t\t\t\t\n\t\t\t\t\t\t\t\t\t\t\t\t\t\t\t<img width=\"800\" height=\"713\" src=\"https:\/\/brikardesign.com\/impression\/wp-content\/uploads\/2021\/03\/back-produit-impression-mobile.jpg\" alt=\"\" loading=\"lazy\" srcset=\"https:\/\/brikardesign.com\/impression\/wp-content\/uploads\/2021\/03\/back-produit-impression-mobile.jpg 800w, https:\/\/brikardesign.com\/impression\/wp-content\/uploads\/2021\/03\/back-produit-impression-mobile-150x134.jpg 150w, https:\/\/brikardesign.com\/impression\/wp-content\/uploads\/2021\/03\/back-produit-impression-mobile-300x267.jpg 300w, https:\/\/brikardesign.com\/impression\/wp-content\/uploads\/2021\/03\/back-produit-impression-mobile-768x684.jpg 768w\" sizes=\"(max-width: 800px) 100vw, 800px\" \/>\t\t\t\t\t\t\t\t\t\t\t\t\t\t\t\n\t\t\t\t<h4>\n\t\t\t\t\tPourquoi nous choisir ?\t\t\t\t<\/h4>\n\t\t\t\t\tParce que nous travaillons m\u00e9ticuleusement et avec professionnalisme avec tous nos clients.\t\t\t\t\n\t\t\t\t\t\t<link rel=\"stylesheet\" id=\"wd-info-box-css\" href=\"https:\/\/brikardesign.com\/impression\/wp-content\/themes\/woodmart\/css\/parts\/el-info-box.min.css?ver=6.0.4\" type=\"text\/css\" media=\"all\" \/> \t\t\t\t\t\n\t\t\t\t\t\t\t\t\t\t\t\t\t\t\t<svg version=\"1.1\" id=\"svg-1535\" xmlns=\"http:\/\/www.w3.org\/2000\/svg\" xmlns:xlink=\"http:\/\/www.w3.org\/1999\/xlink\" x=\"0px\" y=\"0px\"\n\t viewBox=\"0 0 512 512\" style=\"enable-background:new 0 0 512 512;\" xml:space=\"preserve\">\n<g>\n\t<g>\n\t\t<path d=\"M26.737,0.186v190.854h55.417V0.186H26.737z M66.571,175.456H42.319V15.768h24.252V175.456z\"\/>\n\t<\/g>\n<\/g>\n<g>\n\t<g>\n\t\t<path d=\"M281.677,0.186v190.854h55.417V0.186H281.677z M321.511,175.456h-24.252V15.768h24.252V175.456z\"\/>\n\t<\/g>\n<\/g>\n<g>\n\t<g>\n\t\t<rect x=\"88.301\" y=\"24.598\" width=\"15.583\" height=\"143.36\"\/>\n\t<\/g>\n<\/g>\n<g>\n\t<g>\n\t\t<rect x=\"112.195\" y=\"24.598\" width=\"15.583\" height=\"143.36\"\/>\n\t<\/g>\n<\/g>\n<g>\n\t<g>\n\t\t<rect x=\"137.127\" y=\"24.598\" width=\"15.583\" height=\"143.36\"\/>\n\t<\/g>\n<\/g>\n<g>\n\t<g>\n\t\t<rect x=\"159.982\" y=\"24.598\" width=\"15.583\" height=\"143.36\"\/>\n\t<\/g>\n<\/g>\n<g>\n\t<g>\n\t\t<rect x=\"183.875\" y=\"24.598\" width=\"15.583\" height=\"143.36\"\/>\n\t<\/g>\n<\/g>\n<g>\n\t<g>\n\t\t<rect x=\"208.807\" y=\"24.598\" width=\"15.583\" height=\"143.36\"\/>\n\t<\/g>\n<\/g>\n<g>\n\t<g>\n\t\t<rect x=\"232.7\" y=\"24.598\" width=\"15.583\" height=\"143.36\"\/>\n\t<\/g>\n<\/g>\n<g>\n\t<g>\n\t\t<rect x=\"255.555\" y=\"24.598\" width=\"15.583\" height=\"143.36\"\/>\n\t<\/g>\n<\/g>\n<g>\n\t<g>\n\t\t<rect x=\"1.039\" y=\"79.658\" width=\"15.583\" height=\"31.165\"\/>\n\t<\/g>\n<\/g>\n<g>\n\t<g>\n\t\t<rect x=\"344.895\" y=\"79.658\" width=\"15.583\" height=\"31.165\"\/>\n\t<\/g>\n<\/g>\n<g>\n\t<g>\n\t\t<path d=\"M480.673,440.135h-75.685c-21.226,0-36.726,13.505-37.226,31.165h-0.012c0,11.427-8.095,24.932-18.53,24.932H42.495\n\t\t\tc-13.079,0-26.912-14.385-26.912-27.984v-0.904c0-12.95,13.866-19.937,26.912-19.937h143.404\n\t\t\tc18.398,0,31.219-18.407,31.219-34.927v-0.904c0-16.471-12.546-27.539-31.219-27.539h-27.883\n\t\t\tc-10.947,0-22.967-12.217-22.967-23.343v-0.904c0-12.046,15.021-15.229,22.964-15.229h156.31\n\t\t\tc20.294,0,36.805-18.327,36.805-40.854v-0.8c0-22.214-15.88-38.336-37.76-38.336H146.064c-8.716,0-18.287-10.151-18.287-19.395\n\t\t\tv-0.904c0-8.407,9.421-12.944,18.287-12.944h46.732c17.716,0,31.593-14.589,31.593-33.215V175.23h-15.583v22.883\n\t\t\tc0,9.888-7.033,17.632-16.011,17.632h-46.732c-19.309,0-33.869,12.263-33.869,28.527v0.904c0,17.652,16.776,34.978,33.869,34.978\n\t\t\th167.304c13.265,0,22.177,9.144,22.177,22.754v0.8c0,12.154-8.113,25.272-21.222,25.272h-156.31\n\t\t\tc-19.155,0-38.546,10.584-38.546,30.812v0.904c0,19.644,19.094,38.925,38.549,38.925h27.883c5.84,0,15.637,1.553,15.637,11.956\n\t\t\tv0.904c0,10.894-8.405,19.344-15.637,19.344H42.495c-20.6,0-42.495,12.448-42.495,35.52v0.904c0,10.439,4.71,21.332,12.923,29.884\n\t\t\tc8.35,8.695,19.128,13.683,29.572,13.683H349.22c19.788,0,33.671-20.777,34.102-39.476h0.01c0-8.311,6.776-16.621,21.656-16.621\n\t\t\th75.685c9.017,0,15.745,6.54,15.745,15.211c0,8.529-7.123,15.211-16.473,15.211v15.583c17.66,0,32.056-13.526,32.056-30.793\n\t\t\tC512,453.66,498.28,440.135,480.673,440.135z\"\/>\n\t<\/g>\n<\/g>\n<g>\n<\/g>\n<g>\n<\/g>\n<g>\n<\/g>\n<g>\n<\/g>\n<g>\n<\/g>\n<g>\n<\/g>\n<g>\n<\/g>\n<g>\n<\/g>\n<g>\n<\/g>\n<g>\n<\/g>\n<g>\n<\/g>\n<g>\n<\/g>\n<g>\n<\/g>\n<g>\n<\/g>\n<g>\n<\/g>\n<\/svg>\n\t\t\t\t\t\t\tID\u00c9ES CR\u00c9ATIVES\t\t\t\t\t\t\n\t\t\t\t\t\t<p>Conception gratuite de votre projet<\/p>\n\t\t\t\t\t\t\t\t\t\t\t\t\t\t\t<svg version=\"1.1\" id=\"svg-4877\" xmlns=\"http:\/\/www.w3.org\/2000\/svg\" xmlns:xlink=\"http:\/\/www.w3.org\/1999\/xlink\" x=\"0px\" y=\"0px\"\n\t viewBox=\"0 0 512 512\" style=\"enable-background:new 0 0 512 512;\" xml:space=\"preserve\">\n<g>\n\t<g>\n\t\t<path d=\"M26.737,0.186v190.854h55.417V0.186H26.737z M66.571,175.456H42.319V15.768h24.252V175.456z\"\/>\n\t<\/g>\n<\/g>\n<g>\n\t<g>\n\t\t<path d=\"M281.677,0.186v190.854h55.417V0.186H281.677z M321.511,175.456h-24.252V15.768h24.252V175.456z\"\/>\n\t<\/g>\n<\/g>\n<g>\n\t<g>\n\t\t<rect x=\"88.301\" y=\"24.598\" width=\"15.583\" height=\"143.36\"\/>\n\t<\/g>\n<\/g>\n<g>\n\t<g>\n\t\t<rect x=\"112.195\" y=\"24.598\" width=\"15.583\" height=\"143.36\"\/>\n\t<\/g>\n<\/g>\n<g>\n\t<g>\n\t\t<rect x=\"137.127\" y=\"24.598\" width=\"15.583\" height=\"143.36\"\/>\n\t<\/g>\n<\/g>\n<g>\n\t<g>\n\t\t<rect x=\"159.982\" y=\"24.598\" width=\"15.583\" height=\"143.36\"\/>\n\t<\/g>\n<\/g>\n<g>\n\t<g>\n\t\t<rect x=\"183.875\" y=\"24.598\" width=\"15.583\" height=\"143.36\"\/>\n\t<\/g>\n<\/g>\n<g>\n\t<g>\n\t\t<rect x=\"208.807\" y=\"24.598\" width=\"15.583\" height=\"143.36\"\/>\n\t<\/g>\n<\/g>\n<g>\n\t<g>\n\t\t<rect x=\"232.7\" y=\"24.598\" width=\"15.583\" height=\"143.36\"\/>\n\t<\/g>\n<\/g>\n<g>\n\t<g>\n\t\t<rect x=\"255.555\" y=\"24.598\" width=\"15.583\" height=\"143.36\"\/>\n\t<\/g>\n<\/g>\n<g>\n\t<g>\n\t\t<rect x=\"1.039\" y=\"79.658\" width=\"15.583\" height=\"31.165\"\/>\n\t<\/g>\n<\/g>\n<g>\n\t<g>\n\t\t<rect x=\"344.895\" y=\"79.658\" width=\"15.583\" height=\"31.165\"\/>\n\t<\/g>\n<\/g>\n<g>\n\t<g>\n\t\t<path d=\"M480.673,440.135h-75.685c-21.226,0-36.726,13.505-37.226,31.165h-0.012c0,11.427-8.095,24.932-18.53,24.932H42.495\n\t\t\tc-13.079,0-26.912-14.385-26.912-27.984v-0.904c0-12.95,13.866-19.937,26.912-19.937h143.404\n\t\t\tc18.398,0,31.219-18.407,31.219-34.927v-0.904c0-16.471-12.546-27.539-31.219-27.539h-27.883\n\t\t\tc-10.947,0-22.967-12.217-22.967-23.343v-0.904c0-12.046,15.021-15.229,22.964-15.229h156.31\n\t\t\tc20.294,0,36.805-18.327,36.805-40.854v-0.8c0-22.214-15.88-38.336-37.76-38.336H146.064c-8.716,0-18.287-10.151-18.287-19.395\n\t\t\tv-0.904c0-8.407,9.421-12.944,18.287-12.944h46.732c17.716,0,31.593-14.589,31.593-33.215V175.23h-15.583v22.883\n\t\t\tc0,9.888-7.033,17.632-16.011,17.632h-46.732c-19.309,0-33.869,12.263-33.869,28.527v0.904c0,17.652,16.776,34.978,33.869,34.978\n\t\t\th167.304c13.265,0,22.177,9.144,22.177,22.754v0.8c0,12.154-8.113,25.272-21.222,25.272h-156.31\n\t\t\tc-19.155,0-38.546,10.584-38.546,30.812v0.904c0,19.644,19.094,38.925,38.549,38.925h27.883c5.84,0,15.637,1.553,15.637,11.956\n\t\t\tv0.904c0,10.894-8.405,19.344-15.637,19.344H42.495c-20.6,0-42.495,12.448-42.495,35.52v0.904c0,10.439,4.71,21.332,12.923,29.884\n\t\t\tc8.35,8.695,19.128,13.683,29.572,13.683H349.22c19.788,0,33.671-20.777,34.102-39.476h0.01c0-8.311,6.776-16.621,21.656-16.621\n\t\t\th75.685c9.017,0,15.745,6.54,15.745,15.211c0,8.529-7.123,15.211-16.473,15.211v15.583c17.66,0,32.056-13.526,32.056-30.793\n\t\t\tC512,453.66,498.28,440.135,480.673,440.135z\"\/>\n\t<\/g>\n<\/g>\n<g>\n<\/g>\n<g>\n<\/g>\n<g>\n<\/g>\n<g>\n<\/g>\n<g>\n<\/g>\n<g>\n<\/g>\n<g>\n<\/g>\n<g>\n<\/g>\n<g>\n<\/g>\n<g>\n<\/g>\n<g>\n<\/g>\n<g>\n<\/g>\n<g>\n<\/g>\n<g>\n<\/g>\n<g>\n<\/g>\n<\/svg>\n\t\t\t\t\t\t\tPROC\u00c9D\u00c9 DE SUBLIMATION\t\t\t\t\t\t\n\t\t\t\t\t\t<p>Technique d'impression par sublimation en quadrichromie. Technique qui requiert des encres sp\u00e9cifiques.<\/p>\n\t\t\t\t\t\t\t\t\t\t\t\t\t\t\t<svg version=\"1.1\" id=\"svg-5741\" xmlns=\"http:\/\/www.w3.org\/2000\/svg\" xmlns:xlink=\"http:\/\/www.w3.org\/1999\/xlink\" x=\"0px\" y=\"0px\"\n\t viewBox=\"0 0 512 512\" style=\"enable-background:new 0 0 512 512;\" xml:space=\"preserve\">\n<g>\n\t<g>\n\t\t<path d=\"M26.737,0.186v190.854h55.417V0.186H26.737z M66.571,175.456H42.319V15.768h24.252V175.456z\"\/>\n\t<\/g>\n<\/g>\n<g>\n\t<g>\n\t\t<path d=\"M281.677,0.186v190.854h55.417V0.186H281.677z M321.511,175.456h-24.252V15.768h24.252V175.456z\"\/>\n\t<\/g>\n<\/g>\n<g>\n\t<g>\n\t\t<rect x=\"88.301\" y=\"24.598\" width=\"15.583\" height=\"143.36\"\/>\n\t<\/g>\n<\/g>\n<g>\n\t<g>\n\t\t<rect x=\"112.195\" y=\"24.598\" width=\"15.583\" height=\"143.36\"\/>\n\t<\/g>\n<\/g>\n<g>\n\t<g>\n\t\t<rect x=\"137.127\" y=\"24.598\" width=\"15.583\" height=\"143.36\"\/>\n\t<\/g>\n<\/g>\n<g>\n\t<g>\n\t\t<rect x=\"159.982\" y=\"24.598\" width=\"15.583\" height=\"143.36\"\/>\n\t<\/g>\n<\/g>\n<g>\n\t<g>\n\t\t<rect x=\"183.875\" y=\"24.598\" width=\"15.583\" height=\"143.36\"\/>\n\t<\/g>\n<\/g>\n<g>\n\t<g>\n\t\t<rect x=\"208.807\" y=\"24.598\" width=\"15.583\" height=\"143.36\"\/>\n\t<\/g>\n<\/g>\n<g>\n\t<g>\n\t\t<rect x=\"232.7\" y=\"24.598\" width=\"15.583\" height=\"143.36\"\/>\n\t<\/g>\n<\/g>\n<g>\n\t<g>\n\t\t<rect x=\"255.555\" y=\"24.598\" width=\"15.583\" height=\"143.36\"\/>\n\t<\/g>\n<\/g>\n<g>\n\t<g>\n\t\t<rect x=\"1.039\" y=\"79.658\" width=\"15.583\" height=\"31.165\"\/>\n\t<\/g>\n<\/g>\n<g>\n\t<g>\n\t\t<rect x=\"344.895\" y=\"79.658\" width=\"15.583\" height=\"31.165\"\/>\n\t<\/g>\n<\/g>\n<g>\n\t<g>\n\t\t<path d=\"M480.673,440.135h-75.685c-21.226,0-36.726,13.505-37.226,31.165h-0.012c0,11.427-8.095,24.932-18.53,24.932H42.495\n\t\t\tc-13.079,0-26.912-14.385-26.912-27.984v-0.904c0-12.95,13.866-19.937,26.912-19.937h143.404\n\t\t\tc18.398,0,31.219-18.407,31.219-34.927v-0.904c0-16.471-12.546-27.539-31.219-27.539h-27.883\n\t\t\tc-10.947,0-22.967-12.217-22.967-23.343v-0.904c0-12.046,15.021-15.229,22.964-15.229h156.31\n\t\t\tc20.294,0,36.805-18.327,36.805-40.854v-0.8c0-22.214-15.88-38.336-37.76-38.336H146.064c-8.716,0-18.287-10.151-18.287-19.395\n\t\t\tv-0.904c0-8.407,9.421-12.944,18.287-12.944h46.732c17.716,0,31.593-14.589,31.593-33.215V175.23h-15.583v22.883\n\t\t\tc0,9.888-7.033,17.632-16.011,17.632h-46.732c-19.309,0-33.869,12.263-33.869,28.527v0.904c0,17.652,16.776,34.978,33.869,34.978\n\t\t\th167.304c13.265,0,22.177,9.144,22.177,22.754v0.8c0,12.154-8.113,25.272-21.222,25.272h-156.31\n\t\t\tc-19.155,0-38.546,10.584-38.546,30.812v0.904c0,19.644,19.094,38.925,38.549,38.925h27.883c5.84,0,15.637,1.553,15.637,11.956\n\t\t\tv0.904c0,10.894-8.405,19.344-15.637,19.344H42.495c-20.6,0-42.495,12.448-42.495,35.52v0.904c0,10.439,4.71,21.332,12.923,29.884\n\t\t\tc8.35,8.695,19.128,13.683,29.572,13.683H349.22c19.788,0,33.671-20.777,34.102-39.476h0.01c0-8.311,6.776-16.621,21.656-16.621\n\t\t\th75.685c9.017,0,15.745,6.54,15.745,15.211c0,8.529-7.123,15.211-16.473,15.211v15.583c17.66,0,32.056-13.526,32.056-30.793\n\t\t\tC512,453.66,498.28,440.135,480.673,440.135z\"\/>\n\t<\/g>\n<\/g>\n<g>\n<\/g>\n<g>\n<\/g>\n<g>\n<\/g>\n<g>\n<\/g>\n<g>\n<\/g>\n<g>\n<\/g>\n<g>\n<\/g>\n<g>\n<\/g>\n<g>\n<\/g>\n<g>\n<\/g>\n<g>\n<\/g>\n<g>\n<\/g>\n<g>\n<\/g>\n<g>\n<\/g>\n<g>\n<\/g>\n<\/svg>\n\t\t\t\t\t\t\tPRODUIT DE QUALIT\u00c9\t\t\t\t\t\t\n\t\t\t\t\t\t<p>Impression de qualit\u00e9 sur vos produits. Couleurs \u00e9clatantes<\/p>\n\t\t\t\t\t\t\t\t\t\t\t\t\t\t\t<svg version=\"1.1\" id=\"svg-1690\" xmlns=\"http:\/\/www.w3.org\/2000\/svg\" xmlns:xlink=\"http:\/\/www.w3.org\/1999\/xlink\" x=\"0px\" y=\"0px\"\n\t viewBox=\"0 0 512 512\" style=\"enable-background:new 0 0 512 512;\" xml:space=\"preserve\">\n<g>\n\t<g>\n\t\t<path d=\"M26.737,0.186v190.854h55.417V0.186H26.737z M66.571,175.456H42.319V15.768h24.252V175.456z\"\/>\n\t<\/g>\n<\/g>\n<g>\n\t<g>\n\t\t<path d=\"M281.677,0.186v190.854h55.417V0.186H281.677z M321.511,175.456h-24.252V15.768h24.252V175.456z\"\/>\n\t<\/g>\n<\/g>\n<g>\n\t<g>\n\t\t<rect x=\"88.301\" y=\"24.598\" width=\"15.583\" height=\"143.36\"\/>\n\t<\/g>\n<\/g>\n<g>\n\t<g>\n\t\t<rect x=\"112.195\" y=\"24.598\" width=\"15.583\" height=\"143.36\"\/>\n\t<\/g>\n<\/g>\n<g>\n\t<g>\n\t\t<rect x=\"137.127\" y=\"24.598\" width=\"15.583\" height=\"143.36\"\/>\n\t<\/g>\n<\/g>\n<g>\n\t<g>\n\t\t<rect x=\"159.982\" y=\"24.598\" width=\"15.583\" height=\"143.36\"\/>\n\t<\/g>\n<\/g>\n<g>\n\t<g>\n\t\t<rect x=\"183.875\" y=\"24.598\" width=\"15.583\" height=\"143.36\"\/>\n\t<\/g>\n<\/g>\n<g>\n\t<g>\n\t\t<rect x=\"208.807\" y=\"24.598\" width=\"15.583\" height=\"143.36\"\/>\n\t<\/g>\n<\/g>\n<g>\n\t<g>\n\t\t<rect x=\"232.7\" y=\"24.598\" width=\"15.583\" height=\"143.36\"\/>\n\t<\/g>\n<\/g>\n<g>\n\t<g>\n\t\t<rect x=\"255.555\" y=\"24.598\" width=\"15.583\" height=\"143.36\"\/>\n\t<\/g>\n<\/g>\n<g>\n\t<g>\n\t\t<rect x=\"1.039\" y=\"79.658\" width=\"15.583\" height=\"31.165\"\/>\n\t<\/g>\n<\/g>\n<g>\n\t<g>\n\t\t<rect x=\"344.895\" y=\"79.658\" width=\"15.583\" height=\"31.165\"\/>\n\t<\/g>\n<\/g>\n<g>\n\t<g>\n\t\t<path d=\"M480.673,440.135h-75.685c-21.226,0-36.726,13.505-37.226,31.165h-0.012c0,11.427-8.095,24.932-18.53,24.932H42.495\n\t\t\tc-13.079,0-26.912-14.385-26.912-27.984v-0.904c0-12.95,13.866-19.937,26.912-19.937h143.404\n\t\t\tc18.398,0,31.219-18.407,31.219-34.927v-0.904c0-16.471-12.546-27.539-31.219-27.539h-27.883\n\t\t\tc-10.947,0-22.967-12.217-22.967-23.343v-0.904c0-12.046,15.021-15.229,22.964-15.229h156.31\n\t\t\tc20.294,0,36.805-18.327,36.805-40.854v-0.8c0-22.214-15.88-38.336-37.76-38.336H146.064c-8.716,0-18.287-10.151-18.287-19.395\n\t\t\tv-0.904c0-8.407,9.421-12.944,18.287-12.944h46.732c17.716,0,31.593-14.589,31.593-33.215V175.23h-15.583v22.883\n\t\t\tc0,9.888-7.033,17.632-16.011,17.632h-46.732c-19.309,0-33.869,12.263-33.869,28.527v0.904c0,17.652,16.776,34.978,33.869,34.978\n\t\t\th167.304c13.265,0,22.177,9.144,22.177,22.754v0.8c0,12.154-8.113,25.272-21.222,25.272h-156.31\n\t\t\tc-19.155,0-38.546,10.584-38.546,30.812v0.904c0,19.644,19.094,38.925,38.549,38.925h27.883c5.84,0,15.637,1.553,15.637,11.956\n\t\t\tv0.904c0,10.894-8.405,19.344-15.637,19.344H42.495c-20.6,0-42.495,12.448-42.495,35.52v0.904c0,10.439,4.71,21.332,12.923,29.884\n\t\t\tc8.35,8.695,19.128,13.683,29.572,13.683H349.22c19.788,0,33.671-20.777,34.102-39.476h0.01c0-8.311,6.776-16.621,21.656-16.621\n\t\t\th75.685c9.017,0,15.745,6.54,15.745,15.211c0,8.529-7.123,15.211-16.473,15.211v15.583c17.66,0,32.056-13.526,32.056-30.793\n\t\t\tC512,453.66,498.28,440.135,480.673,440.135z\"\/>\n\t<\/g>\n<\/g>\n<g>\n<\/g>\n<g>\n<\/g>\n<g>\n<\/g>\n<g>\n<\/g>\n<g>\n<\/g>\n<g>\n<\/g>\n<g>\n<\/g>\n<g>\n<\/g>\n<g>\n<\/g>\n<g>\n<\/g>\n<g>\n<\/g>\n<g>\n<\/g>\n<g>\n<\/g>\n<g>\n<\/g>\n<g>\n<\/g>\n<\/svg>\n\t\t\t\t\t\t\tLIVRAISON RAPIDE\t\t\t\t\t\t\n\t\t\t\t\t\t<p>Nous livrons  dans un d\u00e9lais raisonnable .<br \/>La commande peux \u00eatre aussi ramass\u00e9 directement.<\/p>\n\t\t\t<a  href=\"https:\/\/brikardesign.com\/impression\/contact\/\">\n\t\t\t\t\tDemande d&#039;information\t\t\t\t\n\t\t\t\t\t\t\t<\/a>","_et_gb_content_width":"","footnotes":""},"class_list":["post-30892","page","type-page","status-publish","hentry"],"_links":{"self":[{"href":"https:\/\/brikardesign.com\/impression\/wp-json\/wp\/v2\/pages\/30892","targetHints":{"allow":["GET"]}}],"collection":[{"href":"https:\/\/brikardesign.com\/impression\/wp-json\/wp\/v2\/pages"}],"about":[{"href":"https:\/\/brikardesign.com\/impression\/wp-json\/wp\/v2\/types\/page"}],"author":[{"embeddable":true,"href":"https:\/\/brikardesign.com\/impression\/wp-json\/wp\/v2\/users\/1"}],"replies":[{"embeddable":true,"href":"https:\/\/brikardesign.com\/impression\/wp-json\/wp\/v2\/comments?post=30892"}],"version-history":[{"count":4,"href":"https:\/\/brikardesign.com\/impression\/wp-json\/wp\/v2\/pages\/30892\/revisions"}],"predecessor-version":[{"id":40731,"href":"https:\/\/brikardesign.com\/impression\/wp-json\/wp\/v2\/pages\/30892\/revisions\/40731"}],"wp:attachment":[{"href":"https:\/\/brikardesign.com\/impression\/wp-json\/wp\/v2\/media?parent=30892"}],"curies":[{"name":"wp","href":"https:\/\/api.w.org\/{rel}","templated":true}]}}